{"id":2144,"date":"2024-10-15T07:50:57","date_gmt":"2024-10-15T05:50:57","guid":{"rendered":"https:\/\/magrinding.com\/?page_id=2144"},"modified":"2024-12-26T12:43:10","modified_gmt":"2024-12-26T11:43:10","slug":"datenschutzbestimmungen","status":"publish","type":"page","link":"https:\/\/magrinding.com\/de\/datenschutzbestimmungen\/","title":{"rendered":"Datenschutzrichtlinie"},"content":{"rendered":"<div data-elementor-type=\"wp-page\" data-elementor-id=\"2144\" class=\"elementor elementor-2144\" data-elementor-post-type=\"page\">\n\t\t\t\t<div class=\"elementor-element elementor-element-fa4e866 e-flex e-con-boxed e-con e-parent\" data-id=\"fa4e866\" data-element_type=\"container\">\n\t\t\t\t\t<div class=\"e-con-inner\">\n\t\t<div class=\"elementor-element elementor-element-ae8a5c1 e-con-full e-flex e-con e-child\" data-id=\"ae8a5c1\" data-element_type=\"container\">\n\t\t\t\t<div class=\"elementor-element elementor-element-daa222b elementor-widget elementor-widget-heading\" data-id=\"daa222b\" data-element_type=\"widget\" data-widget_type=\"heading.default\">\n\t\t\t\t<div class=\"elementor-widget-container\">\n\t\t\t<h1 class=\"elementor-heading-title elementor-size-default\">Datenschutzrichtlinie<\/h1>\t\t<\/div>\n\t\t\t\t<\/div>\n\t\t\t\t<div class=\"elementor-element elementor-element-5100c21 elementor-widget elementor-widget-text-editor\" data-id=\"5100c21\" data-element_type=\"widget\" data-widget_type=\"text-editor.default\">\n\t\t\t\t<div class=\"elementor-widget-container\">\n\t\t\t\t\t\t\t<p><strong>Einf\u00fchrung<\/strong><br \/>Bei M&amp;A Grinding ApS nehmen wir den Schutz Ihrer Privatsph\u00e4re ernst. Diese Datenschutzerkl\u00e4rung erl\u00e4utert, wie wir Ihre pers\u00f6nlichen Daten erheben, verwenden und sch\u00fctzen, wenn Sie unsere Website <a href=\"https:\/\/magrinding.com\/de\" target=\"_self\">magrinding.com<\/a> besuchen und unsere Dienste nutzen. <a href=\"https:\/\/magrinding.com\/de\">magrinding.com<\/a> og bruger vores tjenester.<\/p><p><strong>Welche Daten wir erheben<\/strong><br \/>Wir erheben die folgenden Arten von pers\u00f6nlichen Daten:<\/p><ul><li>Name, E-Mail-Adresse, Telefonnummer (wenn Sie ein Kontaktformular ausf\u00fcllen)<\/li><li>Browsing-Informationen (\u00fcber Cookies und \u00e4hnliche Technologien)<\/li><li>IP-Adresse und Ger\u00e4teinformationen<\/li><li>Sonstige Informationen, die du uns freiwillig zur Verf\u00fcgung stellst (z. B. durch Kundenumfragen oder Newsletter-Anmeldungen)<\/li><\/ul><p><strong>Hvordan vi bruger dine oplysninger<\/strong><br \/>Vi bruger dine data til f\u00f8lgende form\u00e5l:<\/p><ul><li>Um unsere Dienstleistungen bereitzustellen und zu verbessern<\/li><li>Um Anfragen zu beantworten und Ihnen den bestm\u00f6glichen Kundenservice zu bieten<\/li><li>Um den Website-Traffic zu analysieren und das Benutzererlebnis zu verbessern<\/li><li>Um relevante Updates und Marketingmaterialien zu senden, wenn Sie zugestimmt haben<\/li><\/ul><p><strong>Cookies<\/strong><\/p><p>Wir verwenden Cookies und \u00e4hnliche Technologien, um Benutzeraktivit\u00e4ten zu verfolgen und Ihre Erfahrung auf unserer Website zu verbessern.<\/p><p><strong>Weitergabe von Informationen<\/strong><br \/>Wir teilen Ihre Informationen nur mit Dritten in den folgenden F\u00e4llen:<\/p><ul><li>Mit Ihrer ausdr\u00fccklichen Zustimmung<\/li><li>Mit vertrauensw\u00fcrdigen Partnern, die uns bei der Bereitstellung unserer Dienste unterst\u00fctzen (z. B. Hosting-Dienste oder Analysetools)<\/li><li>Wenn dies gesetzlich erforderlich ist oder um unsere Rechte zu sch\u00fctzen<\/li><\/ul><p><strong>Deine Rechte<\/strong><br \/>Deine Rechte als Benutzer:<\/p><ul><li>Das Recht, auf die personenbezogenen Daten, die wir \u00fcber Sie speichern, zuzugreifen<\/li><li>Das Recht, ungenaue Informationen zu berichtigen<\/li><li>Das Recht, Ihre Informationen zu l\u00f6schen (Recht auf Vergessenwerden)<\/li><li>Das Recht, Ihre Einwilligung zu widerrufen<\/li><li>Das Recht, gegen die Verarbeitung Ihrer Daten Beschwerde einzulegen<\/li><\/ul><p><strong>Sicherheit Ihrer Daten<\/strong><br \/>Wir ergreifen die erforderlichen technischen und organisatorischen Ma\u00dfnahmen, um Ihre Daten vor unbefugtem Zugriff, Verlust oder \u00c4nderung zu sch\u00fctzen.<\/p><p><strong>\u00c4nderungen dieser Datenschutzrichtlinie<\/strong><br \/>Wir behalten uns das Recht vor, diese Datenschutzrichtlinie nach Bedarf zu aktualisieren. Wir werden Sie \u00fcber wesentliche \u00c4nderungen informieren, indem wir das Datum am Ende dieser Seite aktualisieren.<\/p><p><strong>Kontakt<\/strong><br \/>Wenn Sie Fragen oder Bedenken bez\u00fcglich dieser Datenschutzrichtlinie haben, k\u00f6nnen Sie uns unter info@magrinding.com kontaktieren.<\/p>\t\t\t\t\t\t<\/div>\n\t\t\t\t<\/div>\n\t\t\t\t<\/div>\n\t\t\t\t\t<\/div>\n\t\t\t\t<\/div>\n\t\t\t\t<\/div>","protected":false},"excerpt":{"rendered":"<p>Privatlivspolitik IntroduktionHos M&amp;A Grinding Aps tager vi dit privatliv alvorligt. Denne privatlivspolitik forklarer, hvordan vi indsamler, bruger og beskytter dine personlige oplysninger, n\u00e5r du bes\u00f8ger vores hjemmeside magrinding.com og bruger vores tjenester. Hvilke data vi indsamlerVi indsamler f\u00f8lgende typer af personlige oplysninger: Navn, e-mailadresse, telefonnummer (hvis du udfylder en kontaktformular) Browsinginformation (via cookies og lignende [&hellip;]<\/p>","protected":false},"author":1,"featured_media":0,"parent":0,"menu_order":0,"comment_status":"closed","ping_status":"closed","template":"","meta":{"_seopress_robots_primary_cat":"","_seopress_titles_title":"","_seopress_titles_desc":"","_seopress_robots_index":"","footnotes":""},"class_list":["post-2144","page","type-page","status-publish","hentry"],"_links":{"self":[{"href":"https:\/\/magrinding.com\/de\/wp-json\/wp\/v2\/pages\/2144"}],"collection":[{"href":"https:\/\/magrinding.com\/de\/wp-json\/wp\/v2\/pages"}],"about":[{"href":"https:\/\/magrinding.com\/de\/wp-json\/wp\/v2\/types\/page"}],"author":[{"embeddable":true,"href":"https:\/\/magrinding.com\/de\/wp-json\/wp\/v2\/users\/1"}],"replies":[{"embeddable":true,"href":"https:\/\/magrinding.com\/de\/wp-json\/wp\/v2\/comments?post=2144"}],"version-history":[{"count":7,"href":"https:\/\/magrinding.com\/de\/wp-json\/wp\/v2\/pages\/2144\/revisions"}],"predecessor-version":[{"id":4111,"href":"https:\/\/magrinding.com\/de\/wp-json\/wp\/v2\/pages\/2144\/revisions\/4111"}],"wp:attachment":[{"href":"https:\/\/magrinding.com\/de\/wp-json\/wp\/v2\/media?parent=2144"}],"curies":[{"name":"wp","href":"https:\/\/api.w.org\/{rel}","templated":true}]}}