{"id":450,"date":"2024-09-19T11:29:42","date_gmt":"2024-09-19T09:29:42","guid":{"rendered":"https:\/\/magrinding.com\/?page_id=450"},"modified":"2025-07-10T15:19:22","modified_gmt":"2025-07-10T13:19:22","slug":"kontakt","status":"publish","type":"page","link":"https:\/\/magrinding.com\/de\/kontakt\/","title":{"rendered":"Kontakt"},"content":{"rendered":"<div data-elementor-type=\"wp-page\" data-elementor-id=\"450\" class=\"elementor elementor-450\" data-elementor-post-type=\"page\">\n\t\t\t\t<div class=\"elementor-element elementor-element-1352ca9c e-flex e-con-boxed e-con e-parent\" data-id=\"1352ca9c\" data-element_type=\"container\" data-settings=\"{&quot;background_background&quot;:&quot;classic&quot;}\">\n\t\t\t\t\t<div class=\"e-con-inner\">\n\t\t\t\t<div class=\"elementor-element elementor-element-3aebdf2a elementor-widget__width-initial elementor-widget elementor-widget-heading\" data-id=\"3aebdf2a\" data-element_type=\"widget\" data-widget_type=\"heading.default\">\n\t\t\t\t<div class=\"elementor-widget-container\">\n\t\t\t<h2 class=\"elementor-heading-title elementor-size-default\">Kontakt<\/h2>\t\t<\/div>\n\t\t\t\t<\/div>\n\t\t\t\t\t<\/div>\n\t\t\t\t<\/div>\n\t\t<div class=\"elementor-element elementor-element-21f11772 e-flex e-con-boxed e-con e-parent\" data-id=\"21f11772\" data-element_type=\"container\">\n\t\t\t\t\t<div class=\"e-con-inner\">\n\t\t<div class=\"elementor-element elementor-element-439667b6 e-con-full e-flex e-con e-child\" data-id=\"439667b6\" data-element_type=\"container\">\n\t\t\t\t<div class=\"elementor-element elementor-element-5b111b22 elementor-widget elementor-widget-heading\" data-id=\"5b111b22\" data-element_type=\"widget\" data-widget_type=\"heading.default\">\n\t\t\t\t<div class=\"elementor-widget-container\">\n\t\t\t<h1 class=\"elementor-heading-title elementor-size-default\">Kontaktieren Sie uns noch heute.<\/h1>\t\t<\/div>\n\t\t\t\t<\/div>\n\t\t\t\t<div class=\"elementor-element elementor-element-56612553 elementor-widget__width-initial elementor-widget elementor-widget-heading\" data-id=\"56612553\" data-element_type=\"widget\" data-widget_type=\"heading.default\">\n\t\t\t\t<div class=\"elementor-widget-container\">\n\t\t\t<h2 class=\"elementor-heading-title elementor-size-default\">Wir sind rund um die Uhr, 365 Tage im Jahr f\u00fcr Sie erreichbar.<\/h2>\t\t<\/div>\n\t\t\t\t<\/div>\n\t\t\t\t<\/div>\n\t\t\t\t\t<\/div>\n\t\t\t\t<\/div>\n\t\t<div class=\"elementor-element elementor-element-96419ec e-flex e-con-boxed e-con e-parent\" data-id=\"96419ec\" data-element_type=\"container\">\n\t\t\t\t\t<div class=\"e-con-inner\">\n\t\t<div class=\"elementor-element elementor-element-9e6b458 e-con-full e-flex e-con e-child\" data-id=\"9e6b458\" data-element_type=\"container\">\n\t\t<div class=\"elementor-element elementor-element-072cf5a e-con-full e-flex elementor-invisible e-con e-child\" data-id=\"072cf5a\" data-element_type=\"container\" data-settings=\"{&quot;animation&quot;:&quot;slideInRight&quot;}\">\n\t\t<div class=\"elementor-element elementor-element-7bdaf9c e-con-full e-flex e-con e-child\" data-id=\"7bdaf9c\" data-element_type=\"container\">\n\t\t\t\t<div class=\"elementor-element elementor-element-80a409f elementor-widget elementor-widget-jkit_team\" data-id=\"80a409f\" data-element_type=\"widget\" data-widget_type=\"jkit_team.default\">\n\t\t\t\t<div class=\"elementor-widget-container\">\n\t\t\t<div  class=\"jeg-elementor-kit jkit-team style-overlay overlay-bottom jeg_module___69d94098cae1f\" ><div class=\"profile-card\"><img fetchpriority=\"high\" decoding=\"async\" width=\"1000\" height=\"1250\" src=\"https:\/\/magrinding.com\/wp-content\/uploads\/2024\/10\/MA-Grinding-Om-os-1.jpg\" class=\"attachment-full size-full\" alt=\"\" url=\"https:\/\/magrinding.com\/wp-content\/uploads\/2024\/10\/MA-Grinding-Om-os-1.jpg\" source=\"library\" srcset=\"https:\/\/magrinding.com\/wp-content\/uploads\/2024\/10\/MA-Grinding-Om-os-1.jpg 1000w, https:\/\/magrinding.com\/wp-content\/uploads\/2024\/10\/MA-Grinding-Om-os-1-240x300.jpg 240w, https:\/\/magrinding.com\/wp-content\/uploads\/2024\/10\/MA-Grinding-Om-os-1-819x1024.jpg 819w, https:\/\/magrinding.com\/wp-content\/uploads\/2024\/10\/MA-Grinding-Om-os-1-768x960.jpg 768w\" sizes=\"(max-width: 1000px) 100vw, 1000px\" \/>\n                <div class=\"hover-area alignment-center\"><div class=\"profile-body\">\n                <h3 class=\"profile-title\"><\/h3>\n                <p class=\"profile-designation\"><\/p>\n                \n                <ul class=\"social-list\"><li class=\"social-icon elementor-repeater-item-54374fa\"><a href=\"tel:004591863566\" aria-label=\"social-icon\"><i aria-hidden=\"true\" class=\"jki jki-phone-call-light\"><\/i><\/a><\/li><li class=\"social-icon elementor-repeater-item-e610506\"><a href=\"mailto:info@magrinding.com\" aria-label=\"social-icon\"><i aria-hidden=\"true\" class=\"jki jki-email-light\"><\/i><\/a><\/li><\/ul>\n            <\/div><\/div>\n            <\/div><\/div>\t\t<\/div>\n\t\t\t\t<\/div>\n\t\t\t\t<div class=\"elementor-element elementor-element-b1829a9 elementor-widget elementor-widget-jkit_heading\" data-id=\"b1829a9\" data-element_type=\"widget\" data-widget_type=\"jkit_heading.default\">\n\t\t\t\t<div class=\"elementor-widget-container\">\n\t\t\t<div  class=\"jeg-elementor-kit jkit-heading  align-center align-tablet- align-mobile- jeg_module__1_69d94098cd051\" ><div class=\"heading-section-title  display-inline-block\"><h3 class=\"heading-title\">Marian Gaitan<\/h3><\/div><div class=\"heading-section-description\"><p>CEO<\/p><p>+45 91 863 566<\/p><\/div><\/div>\t\t<\/div>\n\t\t\t\t<\/div>\n\t\t\t\t<\/div>\n\t\t<div class=\"elementor-element elementor-element-5f0a80d e-con-full e-flex e-con e-child\" data-id=\"5f0a80d\" data-element_type=\"container\">\n\t\t\t\t<div class=\"elementor-element elementor-element-387127a elementor-widget elementor-widget-jkit_team\" data-id=\"387127a\" data-element_type=\"widget\" data-widget_type=\"jkit_team.default\">\n\t\t\t\t<div class=\"elementor-widget-container\">\n\t\t\t<div  class=\"jeg-elementor-kit jkit-team style-overlay overlay-bottom jeg_module__2_69d94098cd812\" ><div class=\"profile-card\"><img decoding=\"async\" width=\"1000\" height=\"1250\" data-src=\"https:\/\/magrinding.com\/wp-content\/uploads\/2024\/10\/MA-Grinding-Om-os-.jpg\" class=\"attachment-full size-full lazyload\" alt=\"\" url=\"https:\/\/magrinding.com\/wp-content\/uploads\/2024\/10\/MA-Grinding-Om-os-.jpg\" source=\"library\" data-srcset=\"https:\/\/magrinding.com\/wp-content\/uploads\/2024\/10\/MA-Grinding-Om-os-.jpg 1000w, https:\/\/magrinding.com\/wp-content\/uploads\/2024\/10\/MA-Grinding-Om-os--240x300.jpg 240w, https:\/\/magrinding.com\/wp-content\/uploads\/2024\/10\/MA-Grinding-Om-os--819x1024.jpg 819w, https:\/\/magrinding.com\/wp-content\/uploads\/2024\/10\/MA-Grinding-Om-os--768x960.jpg 768w\" data-sizes=\"(max-width: 1000px) 100vw, 1000px\" src=\"data:image\/gif;base64,R0lGODlhAQABAAAAACH5BAEKAAEALAAAAAABAAEAAAICTAEAOw==\" style=\"--smush-placeholder-width: 1000px; --smush-placeholder-aspect-ratio: 1000\/1250;\" \/>\n                <div class=\"hover-area alignment-center\"><div class=\"profile-body\">\n                <h3 class=\"profile-title\"><\/h3>\n                <p class=\"profile-designation\"><\/p>\n                \n                <ul class=\"social-list\"><li class=\"social-icon elementor-repeater-item-c625a9a\"><a href=\"tel:004550368784\" aria-label=\"social-icon\"><i aria-hidden=\"true\" class=\"jki jki-phone-call-light\"><\/i><\/a><\/li><li class=\"social-icon elementor-repeater-item-a12b903\"><a href=\"mailto:info@magrinding.com\" aria-label=\"social-icon\"><i aria-hidden=\"true\" class=\"jki jki-email-light\"><\/i><\/a><\/li><\/ul>\n            <\/div><\/div>\n            <\/div><\/div>\t\t<\/div>\n\t\t\t\t<\/div>\n\t\t\t\t<div class=\"elementor-element elementor-element-efcc411 elementor-widget elementor-widget-jkit_heading\" data-id=\"efcc411\" data-element_type=\"widget\" data-widget_type=\"jkit_heading.default\">\n\t\t\t\t<div class=\"elementor-widget-container\">\n\t\t\t<div  class=\"jeg-elementor-kit jkit-heading  align-center align-tablet- align-mobile- jeg_module__3_69d94098ce21a\" ><div class=\"heading-section-title  display-inline-block\"><h2 class=\"heading-title\">Armands Arajs<\/h2><\/div><div class=\"heading-section-description\"><p>CCO<\/p><p>+45 91 863 566<\/p><\/div><\/div>\t\t<\/div>\n\t\t\t\t<\/div>\n\t\t\t\t<\/div>\n\t\t\t\t<\/div>\n\t\t\t\t<\/div>\n\t\t\t\t\t<\/div>\n\t\t\t\t<\/div>\n\t\t<div class=\"elementor-element elementor-element-09aaf2d e-flex e-con-boxed e-con e-parent\" data-id=\"09aaf2d\" data-element_type=\"container\">\n\t\t\t\t\t<div class=\"e-con-inner\">\n\t\t<div class=\"elementor-element elementor-element-3526541 e-con-full e-flex e-con e-child\" data-id=\"3526541\" data-element_type=\"container\">\n\t\t\t\t<div class=\"elementor-element elementor-element-6d8ae65 elementor-widget__width-initial elementor-widget elementor-widget-text-editor\" data-id=\"6d8ae65\" data-element_type=\"widget\" data-widget_type=\"text-editor.default\">\n\t\t\t\t<div class=\"elementor-widget-container\">\n\t\t\t\t\t\t\t<p>Bei MA Grinding sind wir rund um die Uhr, 365 Tage im Jahr verf\u00fcgbar, um sicherzustellen, dass unsere Kunden jederzeit die notwendige Unterst\u00fctzung und Hilfe erhalten.<\/p><p>Egal, ob es sich um Schleifen, Polieren oder Serviceaufgaben handelt, wir sind bereit zu helfen. Unser Engagement f\u00fcr hohe Qualit\u00e4t und Zuverl\u00e4ssigkeit bedeutet, dass wir immer die Bed\u00fcrfnisse unserer Kunden priorisieren, sodass Sie sicher sein k\u00f6nnen, L\u00f6sungen zu erhalten, die den strengsten Branchenstandards entsprechen.<\/p><p>Z\u00f6gern Sie nicht, uns jederzeit zu kontaktieren, wenn Sie unsere Hilfe ben\u00f6tigen!<\/p>\t\t\t\t\t\t<\/div>\n\t\t\t\t<\/div>\n\t\t<div class=\"elementor-element elementor-element-6efecc4 e-con-full e-flex e-con e-child\" data-id=\"6efecc4\" data-element_type=\"container\">\n\t\t<div class=\"elementor-element elementor-element-86e0710 e-con-full e-flex e-con e-child\" data-id=\"86e0710\" data-element_type=\"container\" data-settings=\"{&quot;background_background&quot;:&quot;classic&quot;}\">\n\t\t\t\t<div class=\"elementor-element elementor-element-6612811 elementor-view-framed elementor-shape-square elementor-widget elementor-widget-icon\" data-id=\"6612811\" data-element_type=\"widget\" data-widget_type=\"icon.default\">\n\t\t\t\t<div class=\"elementor-widget-container\">\n\t\t\t\t\t<div class=\"elementor-icon-wrapper\">\n\t\t\t<div class=\"elementor-icon elementor-animation-float\">\n\t\t\t<i aria-hidden=\"true\" class=\"jki jki-placeholder2-light\"><\/i>\t\t\t<\/div>\n\t\t<\/div>\n\t\t\t\t<\/div>\n\t\t\t\t<\/div>\n\t\t\t\t<div class=\"elementor-element elementor-element-526a5f6 jkit-equal-height-enable elementor-widget elementor-widget-jkit_icon_box\" data-id=\"526a5f6\" data-element_type=\"widget\" data-widget_type=\"jkit_icon_box.default\">\n\t\t\t\t<div class=\"elementor-widget-container\">\n\t\t\t<div  class=\"jeg-elementor-kit jkit-icon-box icon-position- elementor-animation- jeg_module__4_69d94098d0000\" ><div class=\"jkit-icon-box-wrapper hover-from-left\"><div class=\"icon-box icon-box-body\">\n                <h3 class=\"title\">B\u00fcroadresse<\/h3><p class=\"icon-box-description\">Ebstrupvej 58, 8600 Silkeborg<\/p>\n            <\/div>\n            \n            <div class=\"hover-watermark\">\n                <i aria-hidden=\"true\" class=\"jki jki-placeholder2-light\"><\/i>\n            <\/div><\/div><\/div>\t\t<\/div>\n\t\t\t\t<\/div>\n\t\t\t\t<\/div>\n\t\t<div class=\"elementor-element elementor-element-67ce4ca e-con-full e-flex e-con e-child\" data-id=\"67ce4ca\" data-element_type=\"container\" data-settings=\"{&quot;background_background&quot;:&quot;classic&quot;}\">\n\t\t\t\t<div class=\"elementor-element elementor-element-bc4cd51 elementor-view-framed elementor-shape-square elementor-widget elementor-widget-icon\" data-id=\"bc4cd51\" data-element_type=\"widget\" data-widget_type=\"icon.default\">\n\t\t\t\t<div class=\"elementor-widget-container\">\n\t\t\t\t\t<div class=\"elementor-icon-wrapper\">\n\t\t\t<div class=\"elementor-icon elementor-animation-float\">\n\t\t\t<i aria-hidden=\"true\" class=\"jki jki-phone-handset-light\"><\/i>\t\t\t<\/div>\n\t\t<\/div>\n\t\t\t\t<\/div>\n\t\t\t\t<\/div>\n\t\t\t\t<div class=\"elementor-element elementor-element-8b006ca jkit-equal-height-enable elementor-widget elementor-widget-jkit_icon_box\" data-id=\"8b006ca\" data-element_type=\"widget\" data-widget_type=\"jkit_icon_box.default\">\n\t\t\t\t<div class=\"elementor-widget-container\">\n\t\t\t<div  class=\"jeg-elementor-kit jkit-icon-box icon-position- elementor-animation- jeg_module__5_69d94098d04d7\" ><div class=\"jkit-icon-box-wrapper hover-from-left\"><div class=\"icon-box icon-box-body\">\n                <h3 class=\"title\">Telefon<\/h3><p class=\"icon-box-description\">+45 91 86 35 66<\/p>\n            <\/div>\n            \n            <div class=\"hover-watermark\">\n                <i aria-hidden=\"true\" class=\"jki jki-phone-handset-light\"><\/i>\n            <\/div><\/div><\/div>\t\t<\/div>\n\t\t\t\t<\/div>\n\t\t\t\t<\/div>\n\t\t<div class=\"elementor-element elementor-element-5e1a66d e-con-full e-flex e-con e-child\" data-id=\"5e1a66d\" data-element_type=\"container\" data-settings=\"{&quot;background_background&quot;:&quot;classic&quot;}\">\n\t\t\t\t<div class=\"elementor-element elementor-element-e0e94a6 elementor-view-framed elementor-shape-square elementor-widget elementor-widget-icon\" data-id=\"e0e94a6\" data-element_type=\"widget\" data-widget_type=\"icon.default\">\n\t\t\t\t<div class=\"elementor-widget-container\">\n\t\t\t\t\t<div class=\"elementor-icon-wrapper\">\n\t\t\t<div class=\"elementor-icon elementor-animation-float\">\n\t\t\t<i aria-hidden=\"true\" class=\"jki jki-envelope2-light\"><\/i>\t\t\t<\/div>\n\t\t<\/div>\n\t\t\t\t<\/div>\n\t\t\t\t<\/div>\n\t\t\t\t<div class=\"elementor-element elementor-element-ce2f4ae jkit-equal-height-enable elementor-widget elementor-widget-jkit_icon_box\" data-id=\"ce2f4ae\" data-element_type=\"widget\" data-widget_type=\"jkit_icon_box.default\">\n\t\t\t\t<div class=\"elementor-widget-container\">\n\t\t\t<div  class=\"jeg-elementor-kit jkit-icon-box icon-position- elementor-animation- jeg_module__6_69d94098d099f\" ><div class=\"jkit-icon-box-wrapper hover-from-left\"><div class=\"icon-box icon-box-body\">\n                <h3 class=\"title\">Email<\/h3><p class=\"icon-box-description\">info@magrinding.com<\/p>\n            <\/div>\n            \n            <div class=\"hover-watermark\">\n                <i aria-hidden=\"true\" class=\"jki jki-envelope2-light\"><\/i>\n            <\/div><\/div><\/div>\t\t<\/div>\n\t\t\t\t<\/div>\n\t\t\t\t<\/div>\n\t\t<div class=\"elementor-element elementor-element-fbb59ba e-con-full e-flex e-con e-child\" data-id=\"fbb59ba\" data-element_type=\"container\" data-settings=\"{&quot;background_background&quot;:&quot;classic&quot;}\">\n\t\t\t\t<div class=\"elementor-element elementor-element-fd01e39 elementor-view-framed elementor-shape-square elementor-widget elementor-widget-icon\" data-id=\"fd01e39\" data-element_type=\"widget\" data-widget_type=\"icon.default\">\n\t\t\t\t<div class=\"elementor-widget-container\">\n\t\t\t\t\t<div class=\"elementor-icon-wrapper\">\n\t\t\t<div class=\"elementor-icon elementor-animation-float\">\n\t\t\t<i aria-hidden=\"true\" class=\"jki jki-clock-line\"><\/i>\t\t\t<\/div>\n\t\t<\/div>\n\t\t\t\t<\/div>\n\t\t\t\t<\/div>\n\t\t\t\t<div class=\"elementor-element elementor-element-698ef4d jkit-equal-height-enable elementor-widget elementor-widget-jkit_icon_box\" data-id=\"698ef4d\" data-element_type=\"widget\" data-widget_type=\"jkit_icon_box.default\">\n\t\t\t\t<div class=\"elementor-widget-container\">\n\t\t\t<div  class=\"jeg-elementor-kit jkit-icon-box icon-position- elementor-animation- jeg_module__7_69d94098d0eb0\" ><div class=\"jkit-icon-box-wrapper hover-from-left\"><div class=\"icon-box icon-box-body\">\n                <h3 class=\"title\">\u00d6ffnungszeiten<\/h3><p class=\"icon-box-description\">24\/7 \u00e5ret rundt<\/p>\n            <\/div>\n            \n            <div class=\"hover-watermark\">\n                <i aria-hidden=\"true\" class=\"jki jki-clock-line\"><\/i>\n            <\/div><\/div><\/div>\t\t<\/div>\n\t\t\t\t<\/div>\n\t\t\t\t<\/div>\n\t\t\t\t<\/div>\n\t\t<div class=\"elementor-element elementor-element-d57c608 e-flex e-con-boxed e-con e-child\" data-id=\"d57c608\" data-element_type=\"container\">\n\t\t\t\t\t<div class=\"e-con-inner\">\n\t\t<div class=\"elementor-element elementor-element-81ee707 e-con-full e-flex e-con e-child\" data-id=\"81ee707\" data-element_type=\"container\">\n\t\t\t\t<div class=\"elementor-element elementor-element-f12a174 elementor-widget elementor-widget-google_maps\" data-id=\"f12a174\" data-element_type=\"widget\" data-widget_type=\"google_maps.default\">\n\t\t\t\t<div class=\"elementor-widget-container\">\n\t\t\t\t\t<div class=\"elementor-custom-embed\">\n\t\t\t<iframe\n\t\t\t\t\tdata-src=\"https:\/\/maps.google.com\/maps?q=Ebstrupvej%2058%2C%208600%20Silkeborg&#038;t=m&#038;z=12&#038;output=embed&#038;iwloc=near\"\n\t\t\t\t\ttitle=\"Ebstrupvej 58, 8600 Silkeborg\"\n\t\t\t\t\taria-label=\"Ebstrupvej 58, 8600 Silkeborg\"\n\t\t\t src=\"data:image\/gif;base64,R0lGODlhAQABAAAAACH5BAEKAAEALAAAAAABAAEAAAICTAEAOw==\" class=\"lazyload\" data-load-mode=\"1\"><\/iframe>\n\t\t<\/div>\n\t\t\t\t<\/div>\n\t\t\t\t<\/div>\n\t\t\t\t<\/div>\n\t\t<div class=\"elementor-element elementor-element-8e4a11f e-con-full e-flex e-con e-child\" data-id=\"8e4a11f\" data-element_type=\"container\" data-settings=\"{&quot;background_background&quot;:&quot;classic&quot;}\">\n\t\t\t\t<div class=\"elementor-element elementor-element-eae6112 elementor-button-align-stretch elementor-widget elementor-widget-form\" data-id=\"eae6112\" data-element_type=\"widget\" data-settings=\"{&quot;step_next_label&quot;:&quot;N\\u00e6ste&quot;,&quot;step_previous_label&quot;:&quot;Tidligere&quot;,&quot;button_width&quot;:&quot;100&quot;,&quot;step_type&quot;:&quot;number_text&quot;,&quot;step_icon_shape&quot;:&quot;circle&quot;}\" data-widget_type=\"form.default\">\n\t\t\t\t<div class=\"elementor-widget-container\">\n\t\t\t\t\t<form class=\"elementor-form\" method=\"post\" name=\"Kontakt Formular V1\" action=\"\">\n\t\t\t<input type=\"hidden\" name=\"post_id\" value=\"450\"\/>\n\t\t\t<input type=\"hidden\" name=\"form_id\" value=\"eae6112\"\/>\n\t\t\t<input type=\"hidden\" name=\"referer_title\" value=\"Kontakt\" \/>\n\n\t\t\t\t\t\t\t<input type=\"hidden\" name=\"queried_id\" value=\"450\"\/>\n\t\t\t\n\t\t\t<div class=\"elementor-form-fields-wrapper elementor-labels-above\">\n\t\t\t\t\t\t\t\t<div class=\"elementor-field-type-text elementor-field-group elementor-column elementor-field-group-name elementor-col-100 elementor-field-required elementor-mark-required\">\n\t\t\t\t\t\t\t\t\t\t\t\t<label for=\"form-field-name\" class=\"elementor-field-label\">\n\t\t\t\t\t\t\t\tName\t\t\t\t\t\t\t<\/label>\n\t\t\t\t\t\t\t\t\t\t\t\t\t\t<input size=\"1\" type=\"text\" name=\"form_fields[name]\" id=\"form-field-name\" class=\"elementor-field elementor-size-sm  elementor-field-textual\" placeholder=\"Name\" required=\"required\" aria-required=\"true\">\n\t\t\t\t\t\t\t\t\t\t\t<\/div>\n\t\t\t\t\t\t\t\t<div class=\"elementor-field-type-email elementor-field-group elementor-column elementor-field-group-email elementor-col-100 elementor-field-required elementor-mark-required\">\n\t\t\t\t\t\t\t\t\t\t\t\t<label for=\"form-field-email\" class=\"elementor-field-label\">\n\t\t\t\t\t\t\t\tE-mail\t\t\t\t\t\t\t<\/label>\n\t\t\t\t\t\t\t\t\t\t\t\t\t\t<input size=\"1\" type=\"email\" name=\"form_fields[email]\" id=\"form-field-email\" class=\"elementor-field elementor-size-sm  elementor-field-textual\" placeholder=\"E-mail\" required=\"required\" aria-required=\"true\">\n\t\t\t\t\t\t\t\t\t\t\t<\/div>\n\t\t\t\t\t\t\t\t<div class=\"elementor-field-type-tel elementor-field-group elementor-column elementor-field-group-field_422d4ca elementor-col-100 elementor-field-required elementor-mark-required\">\n\t\t\t\t\t\t\t\t\t\t\t\t<label for=\"form-field-field_422d4ca\" class=\"elementor-field-label\">\n\t\t\t\t\t\t\t\tTelefon\t\t\t\t\t\t\t<\/label>\n\t\t\t\t\t\t\t\t<input size=\"1\" type=\"tel\" name=\"form_fields[field_422d4ca]\" id=\"form-field-field_422d4ca\" class=\"elementor-field elementor-size-sm  elementor-field-textual\" placeholder=\"Telefon\" required=\"required\" aria-required=\"true\" pattern=\"[0-9()#&amp;+*-=.]+\" title=\"Kun tal og telefonkarakterer (#,-,*, o.s.v.) accepteres.\">\n\n\t\t\t\t\t\t<\/div>\n\t\t\t\t\t\t\t\t<div class=\"elementor-field-type-textarea elementor-field-group elementor-column elementor-field-group-message elementor-col-100 elementor-field-required elementor-mark-required\">\n\t\t\t\t\t\t\t\t\t\t\t\t<label for=\"form-field-message\" class=\"elementor-field-label\">\n\t\t\t\t\t\t\t\tNachricht\t\t\t\t\t\t\t<\/label>\n\t\t\t\t\t\t<textarea class=\"elementor-field-textual elementor-field  elementor-size-sm\" name=\"form_fields[message]\" id=\"form-field-message\" rows=\"4\" placeholder=\"Nachricht\" required=\"required\" aria-required=\"true\"><\/textarea>\t\t\t\t<\/div>\n\t\t\t\t\t\t\t\t<div class=\"elementor-field-group elementor-column elementor-field-type-submit elementor-col-100 e-form__buttons\">\n\t\t\t\t\t<button class=\"elementor-button elementor-size-sm elementor-animation-grow\" type=\"submit\">\n\t\t\t\t\t\t<span class=\"elementor-button-content-wrapper\">\n\t\t\t\t\t\t\t\t\t\t\t\t\t\t\t\t\t\t\t\t\t\t<span class=\"elementor-button-text\">Senden<\/span>\n\t\t\t\t\t\t\t\t\t\t\t\t\t<\/span>\n\t\t\t\t\t<\/button>\n\t\t\t\t<\/div>\n\t\t\t<\/div>\n\t\t<input type=\"hidden\" name=\"trp-form-language\" value=\"de\"\/><\/form>\n\t\t\t\t<\/div>\n\t\t\t\t<\/div>\n\t\t\t\t<\/div>\n\t\t\t\t\t<\/div>\n\t\t\t\t<\/div>\n\t\t\t\t<\/div>\n\t\t\t\t\t<\/div>\n\t\t\t\t<\/div>\n\t\t\t\t<\/div>","protected":false},"excerpt":{"rendered":"<p>Kontakt Kontakt os i dag Vi er til r\u00e5dighed for kontakt 24\/7, \u00e5ret rundt Marian Gaitan CEO +45 91 863 566 Armands Arajs CCO +45 91 863 566 Hos MA Grinding er vi tilg\u00e6ngelige 24\/7 \u00e5ret rundt for at sikre, at vores kunder altid kan f\u00e5 den n\u00f8dvendige support og assistance. Uanset om det drejer [&hellip;]<\/p>","protected":false},"author":1,"featured_media":285,"parent":0,"menu_order":0,"comment_status":"closed","ping_status":"closed","template":"elementor_header_footer","meta":{"_seopress_robots_primary_cat":"","_seopress_titles_title":"Kontakt M&A Grinding ApS - Ebstrupvej 58, 8600 Silkeborg","_seopress_titles_desc":"Kontakt os i dag. Tlf. +45 916 635 66 | info@magrinding.com | Hos M&A Grinding er vi tilg\u00e6ngelige 24\/7 \u00e5ret rundt for at sikre, at vores kunder altid f\u00e5r den n\u00f8dvendige support og service. ","_seopress_robots_index":"","footnotes":""},"class_list":["post-450","page","type-page","status-publish","has-post-thumbnail","hentry"],"_links":{"self":[{"href":"https:\/\/magrinding.com\/de\/wp-json\/wp\/v2\/pages\/450"}],"collection":[{"href":"https:\/\/magrinding.com\/de\/wp-json\/wp\/v2\/pages"}],"about":[{"href":"https:\/\/magrinding.com\/de\/wp-json\/wp\/v2\/types\/page"}],"author":[{"embeddable":true,"href":"https:\/\/magrinding.com\/de\/wp-json\/wp\/v2\/users\/1"}],"replies":[{"embeddable":true,"href":"https:\/\/magrinding.com\/de\/wp-json\/wp\/v2\/comments?post=450"}],"version-history":[{"count":68,"href":"https:\/\/magrinding.com\/de\/wp-json\/wp\/v2\/pages\/450\/revisions"}],"predecessor-version":[{"id":4461,"href":"https:\/\/magrinding.com\/de\/wp-json\/wp\/v2\/pages\/450\/revisions\/4461"}],"wp:featuredmedia":[{"embeddable":true,"href":"https:\/\/magrinding.com\/de\/wp-json\/wp\/v2\/media\/285"}],"wp:attachment":[{"href":"https:\/\/magrinding.com\/de\/wp-json\/wp\/v2\/media?parent=450"}],"curies":[{"name":"wp","href":"https:\/\/api.w.org\/{rel}","templated":true}]}}