{"id":2144,"date":"2024-10-15T07:50:57","date_gmt":"2024-10-15T05:50:57","guid":{"rendered":"https:\/\/magrinding.com\/?page_id=2144"},"modified":"2024-12-26T12:43:10","modified_gmt":"2024-12-26T11:43:10","slug":"privacy-policy","status":"publish","type":"page","link":"https:\/\/magrinding.com\/en\/privacy-policy\/","title":{"rendered":"Privacy Policy"},"content":{"rendered":"<div data-elementor-type=\"wp-page\" data-elementor-id=\"2144\" class=\"elementor elementor-2144\" data-elementor-post-type=\"page\">\n\t\t\t\t<div class=\"elementor-element elementor-element-fa4e866 e-flex e-con-boxed e-con e-parent\" data-id=\"fa4e866\" data-element_type=\"container\">\n\t\t\t\t\t<div class=\"e-con-inner\">\n\t\t<div class=\"elementor-element elementor-element-ae8a5c1 e-con-full e-flex e-con e-child\" data-id=\"ae8a5c1\" data-element_type=\"container\">\n\t\t\t\t<div class=\"elementor-element elementor-element-daa222b elementor-widget elementor-widget-heading\" data-id=\"daa222b\" data-element_type=\"widget\" data-widget_type=\"heading.default\">\n\t\t\t\t<div class=\"elementor-widget-container\">\n\t\t\t<h1 class=\"elementor-heading-title elementor-size-default\">Privacy Policy<\/h1>\t\t<\/div>\n\t\t\t\t<\/div>\n\t\t\t\t<div class=\"elementor-element elementor-element-5100c21 elementor-widget elementor-widget-text-editor\" data-id=\"5100c21\" data-element_type=\"widget\" data-widget_type=\"text-editor.default\">\n\t\t\t\t<div class=\"elementor-widget-container\">\n\t\t\t\t\t\t\t<p><strong>Introduction<\/strong><br \/>At M&amp;A Grinding ApS, we take your privacy seriously. This privacy policy explains how we collect, use, and protect your personal information when you visit our website <a href=\"https:\/\/magrinding.com\/en\" target=\"_self\">magrinding.com<\/a> and use our services. <a href=\"https:\/\/magrinding.com\/en\">magrinding.com<\/a> og bruger vores tjenester.<\/p><p><strong>What data we collect<\/strong><br \/>We collect the following types of personal information:<\/p><ul><li>Name, email address, phone number (if you fill out a contact form)<\/li><li>Browsing information (via cookies and similar technologies)<\/li><li>IP address and device information<\/li><li>Any other information you voluntarily provide to us (e.g., through customer satisfaction surveys or newsletter sign-ups)<\/li><\/ul><p><strong>Hvordan vi bruger dine oplysninger<\/strong><br \/>Vi bruger dine data til f\u00f8lgende form\u00e5l:<\/p><ul><li>To provide and improve our services<\/li><li>To respond to inquiries and provide you with the best possible customer service<\/li><li>To analyze website traffic and improve the user experience<\/li><li>To send relevant updates and marketing materials, if you have given consent for it<\/li><\/ul><p><strong>Cookies<\/strong><\/p><p>We use cookies and similar technologies to track user activity and improve your experience on our website.<\/p><p><strong>Sharing of Information<\/strong><br \/>We only share your information with third parties in the following cases:<\/p><ul><li>With your explicit consent<\/li><li>With trusted partners who assist us in providing our services (e.g., hosting services or analytical tools)<\/li><li>When required by law or to protect our rights<\/li><\/ul><p><strong>Your Rights<\/strong><br \/>Your Rights as a User:<\/p><ul><li>The Right to Access the Personal Data We Hold About You<\/li><li>The Right to Rectify Inaccurate Information<\/li><li>The Right to Have Your Information Deleted (Right to be Forgotten)<\/li><li>The Right to Withdraw Your Consent<\/li><li>The Right to Lodge a Complaint About the Processing of Your Data<\/li><\/ul><p><strong>Security of Your Information<\/strong><br \/>We take the necessary technical and organizational measures to protect your data from unauthorized access, loss, or alteration.<\/p><p><strong>Changes to this Privacy Policy<\/strong><br \/>We reserve the right to update this privacy policy as needed. We will notify you of significant changes by updating the date at the bottom of this page.<\/p><p><strong>Contact<\/strong><br \/>If you have any questions or concerns regarding this privacy policy, you can contact us at info@magrinding.com.<\/p>\t\t\t\t\t\t<\/div>\n\t\t\t\t<\/div>\n\t\t\t\t<\/div>\n\t\t\t\t\t<\/div>\n\t\t\t\t<\/div>\n\t\t\t\t<\/div>","protected":false},"excerpt":{"rendered":"<p>Privatlivspolitik IntroduktionHos M&amp;A Grinding Aps tager vi dit privatliv alvorligt. Denne privatlivspolitik forklarer, hvordan vi indsamler, bruger og beskytter dine personlige oplysninger, n\u00e5r du bes\u00f8ger vores hjemmeside magrinding.com og bruger vores tjenester. Hvilke data vi indsamlerVi indsamler f\u00f8lgende typer af personlige oplysninger: Navn, e-mailadresse, telefonnummer (hvis du udfylder en kontaktformular) Browsinginformation (via cookies og lignende [&hellip;]<\/p>","protected":false},"author":1,"featured_media":0,"parent":0,"menu_order":0,"comment_status":"closed","ping_status":"closed","template":"","meta":{"_seopress_robots_primary_cat":"","_seopress_titles_title":"","_seopress_titles_desc":"","_seopress_robots_index":"","footnotes":""},"class_list":["post-2144","page","type-page","status-publish","hentry"],"_links":{"self":[{"href":"https:\/\/magrinding.com\/en\/wp-json\/wp\/v2\/pages\/2144"}],"collection":[{"href":"https:\/\/magrinding.com\/en\/wp-json\/wp\/v2\/pages"}],"about":[{"href":"https:\/\/magrinding.com\/en\/wp-json\/wp\/v2\/types\/page"}],"author":[{"embeddable":true,"href":"https:\/\/magrinding.com\/en\/wp-json\/wp\/v2\/users\/1"}],"replies":[{"embeddable":true,"href":"https:\/\/magrinding.com\/en\/wp-json\/wp\/v2\/comments?post=2144"}],"version-history":[{"count":7,"href":"https:\/\/magrinding.com\/en\/wp-json\/wp\/v2\/pages\/2144\/revisions"}],"predecessor-version":[{"id":4111,"href":"https:\/\/magrinding.com\/en\/wp-json\/wp\/v2\/pages\/2144\/revisions\/4111"}],"wp:attachment":[{"href":"https:\/\/magrinding.com\/en\/wp-json\/wp\/v2\/media?parent=2144"}],"curies":[{"name":"wp","href":"https:\/\/api.w.org\/{rel}","templated":true}]}}